{"id":987509065,"date":"2023-10-21T22:08:33","date_gmt":"2023-10-21T22:08:33","guid":{"rendered":"https:\/\/haciendaceylan.com.co\/?post_type=product&#038;p=987509065"},"modified":"2026-04-01T02:02:07","modified_gmt":"2026-04-01T02:02:07","slug":"cafe-ceylan","status":"publish","type":"product","link":"https:\/\/haciendaceylan.com.co\/en\/cafe-ceylan\/","title":{"rendered":"Caf\u00e9 Ceyl\u00e1n"},"content":{"rendered":"<p>Nuestro Caf\u00e9 es producido en los bosques de las monta\u00f1as sub andinas de Colombia en el municipio de Viot\u00e1, Cundinamarca a 60 km desde la Ciudad de Bogot\u00e1. Cultivado, cuidado y cosechado bajo sombr\u00edo nativo de altura y con normas de buenas pr\u00e1cticas agr\u00edcolas, de protecci\u00f3n del medio ambiental y la biodiversidad, nuestro proyecto genera desarrollo social y regional a los habitantes de la zona.<\/p>\n<ul>\n<li><strong>Variedades:<\/strong> Castillo<\/li>\n<li><strong>Recolecci\u00f3n Manual:<\/strong> solo frutos maduros<\/li>\n<li><strong>Beneficio:<\/strong> Suave lavado<\/li>\n<li><strong>Secado:<\/strong> Lento en Patios al cubierto<\/li>\n<li><strong>Atributos Sensoriales Fragancia:<\/strong> Panela Frutal<\/li>\n<li><strong>Aroma:<\/strong> Intenso-Suave Panela<\/li>\n<li><strong>Acidez:<\/strong> Media-Alta<\/li>\n<li><strong>Cuerpo:<\/strong> Medio<\/li>\n<li><strong>Sabor:<\/strong> Caramelo<\/li>\n<li><strong>Sabor Residual:<\/strong> Persistente<\/li>\n<\/ul>","protected":false},"excerpt":{"rendered":"<h2>\u00a1Prep\u00e1rate para una aventura de sabor como ninguna otra!<\/h2>\n<p>Nuestro <strong>Caf\u00e9 Ceyl\u00e1n<\/strong> se cultiva con amor y cuidado en la hermosa Hacienda Ceyl\u00e1n en Viot\u00e1, Cundinamarca.<\/p>\n<p>Cada sorbo es una obra maestra de la naturaleza, gracias a nuestras buenas pr\u00e1cticas agr\u00edcolas y la conservaci\u00f3n del medio ambiente y la biodiversidad.<br \/>\n\u00bfListo para despertar tus sentidos?<\/p>","protected":false},"featured_media":987509063,"comment_status":"open","ping_status":"closed","template":"","meta":{"_et_pb_use_builder":"","_et_pb_old_content":"","_et_gb_content_width":""},"product_brand":[],"product_cat":[69],"product_tag":[],"class_list":{"0":"post-987509065","1":"product","2":"type-product","3":"status-publish","4":"has-post-thumbnail","6":"product_cat-cafe","8":"first","9":"instock","10":"sale","11":"shipping-taxable","12":"product-type-external"},"_links":{"self":[{"href":"https:\/\/haciendaceylan.com.co\/en\/wp-json\/wp\/v2\/product\/987509065","targetHints":{"allow":["GET"]}}],"collection":[{"href":"https:\/\/haciendaceylan.com.co\/en\/wp-json\/wp\/v2\/product"}],"about":[{"href":"https:\/\/haciendaceylan.com.co\/en\/wp-json\/wp\/v2\/types\/product"}],"replies":[{"embeddable":true,"href":"https:\/\/haciendaceylan.com.co\/en\/wp-json\/wp\/v2\/comments?post=987509065"}],"wp:featuredmedia":[{"embeddable":true,"href":"https:\/\/haciendaceylan.com.co\/en\/wp-json\/wp\/v2\/media\/987509063"}],"wp:attachment":[{"href":"https:\/\/haciendaceylan.com.co\/en\/wp-json\/wp\/v2\/media?parent=987509065"}],"wp:term":[{"taxonomy":"product_brand","embeddable":true,"href":"https:\/\/haciendaceylan.com.co\/en\/wp-json\/wp\/v2\/product_brand?post=987509065"},{"taxonomy":"product_cat","embeddable":true,"href":"https:\/\/haciendaceylan.com.co\/en\/wp-json\/wp\/v2\/product_cat?post=987509065"},{"taxonomy":"product_tag","embeddable":true,"href":"https:\/\/haciendaceylan.com.co\/en\/wp-json\/wp\/v2\/product_tag?post=987509065"}],"curies":[{"name":"wp","href":"https:\/\/api.w.org\/{rel}","templated":true}]}}